{"id":251,"date":"2015-11-27T10:23:44","date_gmt":"2015-11-27T10:23:44","guid":{"rendered":"http:\/\/summit.riot-os.org\/2018\/?page_id=251"},"modified":"2015-12-10T12:34:29","modified_gmt":"2015-12-10T12:34:29","slug":"imprint","status":"publish","type":"page","link":"https:\/\/summit.riot-os.org\/2018\/imprint\/","title":{"rendered":"Imprint"},"content":{"rendered":"<p>Freie Universit\u00e4t Berlin<br \/>\nInstitut f\u00fcr Informatik<br \/>\nMatthias W\u00e4hlisch<br \/>\nTakustr. 9<br \/>\n14195 Berlin<\/p>\n<p>Contact:<\/p>\n<p>m.waehlisch@fu-berlin.de<br \/>\n<span lang=\"en-us\"> Phone: +49 30 838 50072<\/span><br \/>\n<span lang=\"en-us\">Fax: +49 30 838 450072<\/span><\/p>\n","protected":false},"excerpt":{"rendered":"<p>Freie Universit\u00e4t Berlin Institut f\u00fcr Informatik Matthias W\u00e4hlisch Takustr. 9 14195 Berlin Contact: m.waehlisch@fu-berlin.de Phone: +49 30 838 50072 Fax: +49 30 838 450072<\/p>\n","protected":false},"author":1,"featured_media":0,"parent":0,"menu_order":0,"comment_status":"closed","ping_status":"closed","template":"","meta":[],"_links":{"self":[{"href":"https:\/\/summit.riot-os.org\/2018\/wp-json\/wp\/v2\/pages\/251"}],"collection":[{"href":"https:\/\/summit.riot-os.org\/2018\/wp-json\/wp\/v2\/pages"}],"about":[{"href":"https:\/\/summit.riot-os.org\/2018\/wp-json\/wp\/v2\/types\/page"}],"author":[{"embeddable":true,"href":"https:\/\/summit.riot-os.org\/2018\/wp-json\/wp\/v2\/users\/1"}],"replies":[{"embeddable":true,"href":"https:\/\/summit.riot-os.org\/2018\/wp-json\/wp\/v2\/comments?post=251"}],"version-history":[{"count":3,"href":"https:\/\/summit.riot-os.org\/2018\/wp-json\/wp\/v2\/pages\/251\/revisions"}],"predecessor-version":[{"id":270,"href":"https:\/\/summit.riot-os.org\/2018\/wp-json\/wp\/v2\/pages\/251\/revisions\/270"}],"wp:attachment":[{"href":"https:\/\/summit.riot-os.org\/2018\/wp-json\/wp\/v2\/media?parent=251"}],"curies":[{"name":"wp","href":"https:\/\/api.w.org\/{rel}","templated":true}]}}